{"id":460,"date":"2018-12-08T15:18:17","date_gmt":"2018-12-08T15:18:17","guid":{"rendered":"http:\/\/demo.xclusivethemes.com\/?page_id=460"},"modified":"2020-11-13T18:41:16","modified_gmt":"2020-11-13T17:41:16","slug":"welcome-to-our-hotel","status":"publish","type":"page","link":"https:\/\/foltosbagoly.hu\/en\/welcome-to-our-hotel\/","title":{"rendered":"FOLTOS BAGOLY: A H\u00c1Z"},"content":{"rendered":"<p>Term\u00e9szetk\u00f6zeli, izgalmas \u201eEGYBEH\u00c1Z\u201d*, mely a M\u00e1trab\u00e9rc tetej\u00e9n 20 f\u0151s t\u00e1rsas\u00e1g sz\u00e1m\u00e1ra k\u00e9nyelmes \u00f6ko sz\u00e1ll\u00e1st biztos\u00edt. Fenntarthat\u00f3s\u00e1g, k\u00e9zm\u0171ves egyszer\u0171s\u00e9g, egy\u00fcttl\u00e9t a vadon k\u00f6zep\u00e9n, az orsz\u00e1g tetej\u00e9n!<\/p>\n<p><em>* EGYBEH\u00c1Z: Az eg\u00e9sz h\u00e1z csak egyben vehet\u0151 ki (szob\u00e1k k\u00fcl\u00f6n nem kiad\u00f3k)<\/em><\/p>\n\n\n<p><\/p>\n\n\n\n<p>1.&nbsp;&nbsp;<strong>KIKNEK AJ\u00c1NLJUK<\/strong><\/p>\n\n\n\n<p><strong>Kifejezetten t\u00e1rsas\u00e1gok sz\u00e1m\u00e1ra, fesztelen oldott egy\u00fcttl\u00e9tre alak\u00edtottuk a h\u00e1zat<\/strong>.<\/p>\n\n\n\n<p>\u2022 Bar\u00e1ti t\u00e1rsas\u00e1gok<br>\u2022 Nagy csal\u00e1dok<br>\u2022 Gyerekekkel vagy n\u00e9lk\u00fcl\u00fck<br>\u2022 Ak\u00e1r kuty\u00e1val<br>\u2022 C\u00e9ges elvonul\u00e1sok: kreat\u00edv gondolatok, \u00faj \u00f6tletek, vil\u00e1grasz\u00f3l\u00f3 \u00faj strat\u00e9gi\u00e1k kov\u00e1csol\u00e1s\u00e1ra<br>\u2022 Csapat\u00e9p\u00edt\u00e9sekre<br>\u2022 K\u00e9pz\u00e9sek, tanfolyamok sz\u00e1m\u00e1ra<br>\u2022 Meditat\u00edv csoportoknak (pl. j\u00f3ga, thai-chi, erd\u0151f\u00fcrd\u0151, szellemi meg\u00fajul\u00e1s\u2026.)<br>\u2022 Akt\u00edv, sportos t\u00e1rsas\u00e1goknak (s\u00edel\u0151k, terep \u00e9s t\u00e1j\u00e9koz\u00f3d\u00e1si fut\u00f3k, \u00edj\u00e1szok, tereplovagl\u00f3k, kalandv\u00e1gy\u00f3 t\u00far\u00e1z\u00f3k)<br>\u2022 A term\u00e9szet szerelmeseinek \u00e9s a m\u00e1trai misztikumok rajong\u00f3inak<\/p>\n\n\n\n<p class=\"has-text-align-left\">HA A T\u00c1RSAS\u00c1GODDAL A TERM\u00c9SZET K\u00d6ZEP\u00c9N SZERETN\u00c9L FEL\u00dcGYELETMENTESEN, LAZ\u00c1N, OLDOTTAN EGY\u00dcTT LENNI,                     HA SZERETED AZ ERD\u0150T, B\u00cdROD A FENNTARTHAT\u00d3S\u00c1GOT,                             A HEGYI PROGRAMOKAT,  A J\u00d3POF\u00c1N KREAT\u00cdV EGYEDI SZ\u00c1LL\u00c1ST,           HA VID\u00c1M FESZTELEN SZABAD EGY\u00dcTTL\u00c9TRE V\u00c1GYSZ T\u00c1RSAIDDAL,<\/p>\n\n\n\n<p><em><strong>AKKOR EGYM\u00c1SRA TAL\u00c1LTUNK:<\/strong>      <strong>EZ A HELY PONT NEKED SZ\u00d3L!<\/strong><\/em><\/p>\n\n\n\n<p><\/p>\n\n\n\n<p><\/p>\n\n\n\n<p><strong>2. BAGOLY? FOLTOS? \u00d6KO?<\/strong><\/p>\n\n\n\n<p>Nev\u00fcnkben a BAGOLY az egyszer\u0171bb eset: az erd\u00e9szeti irt\u00e1s kialakul\u00e1sakor der\u00fclt f\u00e9ny a helyi komoly bagoly popul\u00e1ci\u00f3ra. Az egyenlet: sok a bagoly, nagy az irt\u00e1s, legyen neve BAGOLYIRT\u00c1S. Az egykori \u00e9s persze a mai baglyoknak is tisztelg\u00fcnk a BAGOLY n\u00e9vv\u00e1laszt\u00e1ssal.<\/p>\n\n\n\n<p>A \u201eFOLTOS\u201d n\u00e9vtag a fel\u00faj\u00edt\u00e1s k\u00f6zben kidolgozott fenntarthat\u00f3s\u00e1gi diz\u00e1jn-koncepci\u00f3 m\u0171helynev\u00e9b\u0151l sz\u00e1rmazik. Foltos diz\u00e1jn\u00fa Bagoly vend\u00e9gh\u00e1z, azaz <strong><em>FOLTOS BAGOLY Vend\u00e9gh\u00e1z.<\/em><\/strong>  (Ez a verzi\u00f3 csak kis h\u00edj\u00e1n gy\u0151zedelmeskedett a <em>Foltos Bagoly \u00d6koh\u00e1z<\/em>, a <em>T\u00e1rsas\u00e1gi F\u00e9szekod\u00fa<\/em>, a <em>Bagolyirt\u00e1si Irt\u00f3 J\u00f3 Bagoly <\/em>\u00e9s a<em> Bar\u00e1ts\u00e1gos Bagolyf\u00e9szek<\/em> verzi\u00f3k el\u0151tt, a pik\u00e1nsabb v\u00e1ltozatokat nem is eml\u00edtve. Term\u00e9szetesen ezekre a nevekre is hallgatunk!)<\/p>\n\n\n\n<p>Fel\u00faj\u00edt\u00e1skor szem\u00fcnk el\u0151tt nem az lebegett, hogy a fel\u00faj\u00edtand\u00f3 \u00e9p\u00fcletet teljesen elrejts\u00fck, sokkal ink\u00e1bb a&nbsp;<em>meg\u0151rizve meghalad\u00e1s&nbsp;<\/em>\u00fatj\u00e1t j\u00e1rtuk. Mindent meg\u0151rizt\u00fcnk a 1998-2000-ben kib\u0151v\u00edtett sz\u00e1zadel\u0151s egykori \u00fcd\u00fcl\u0151b\u0151l, mely m\u00e9g ma is funkcion\u00e1lhat.  A&nbsp;XXI. sz\u00e1zadi&nbsp;erdei-hegyi&nbsp;nagyol\u00f3s&nbsp;k\u00e9zm\u0171vess\u00e9g&nbsp;r\u00e9tegei&nbsp;korunk modern-ak\u00e1r m\u0171anyag- anyaghaszn\u00e1lat\u00e1val&nbsp;fuzion\u00e1lva&nbsp;t\u00f6bb&nbsp;FOLTban&nbsp;simulnak&nbsp;az el\u0151d szerkezet&nbsp;sz\u00f6veteire. N\u00e9hol&nbsp;elfedve, n\u00e9hol&nbsp;megmutatva azt. Erre az organikus- frakt\u00e1lszer\u0171, j\u00e1t\u00e9kos, de&nbsp;velej\u00e9ig&nbsp;\u00d6KOdiz\u00e1jn&nbsp;koncepci\u00f3ra&nbsp;ragadt&nbsp;r\u00e1 a \u201eM\u00c1TRAI FOLTOS\u201d becen\u00e9v.<\/p>\n\n\n\n<p><strong>\u00cdgy lett az egykori Hegyi Leveg\u0151 Panzi\u00f3b\u00f3l&nbsp;&nbsp;FOLTOS BAGOLY EGYBEH\u00c1Z<\/strong><\/p>\n\n\n\n<p><\/p>\n\n\n\n<p><strong>3<\/strong>. <strong>MIT TUD A H\u00c1Z?&nbsp;<\/strong><\/p>\n\n\n\n<p>\u2022 Egyedi M\u00e1tra Foltos Design<br>\u2022 Fel\u00fcgyeletmentes  &#8220;EGYBEH\u00c1Z\u201d<br>\u2022 20+ f\u0151<br>\u2022 Szob\u00e1k: 10 db\u00a0\u00a02 \u00e1gyas\u00a0<br>\u2022 Zuhanyz\u00f3, WC\u00a0minden szob\u00e1hoz\u00a0<br>\u2022 \u00d6ko\u00a0k\u00e9zmos\u00f3, tusf\u00fcrd\u0151 \u00e9s sampon<br>\u2022 Baba\u00e1gy-babak\u00e1d ig\u00e9ny szerint<br>\u2022 Nagy k\u00f6z\u00f6ss\u00e9gi helyis\u00e9g ( 80m<sup>2 <\/sup> )<br>\u2022 Kandall\u00f3<br>\u2022 B\u00e1r<br>\u2022 K\u00f6nyvek-j\u00e1t\u00e9kok<br>\u2022 Kivet\u00edt\u0151,\u00a0TV \u00e9s  audio rendszer<br>\u2022 J\u00f3l felszerelt konyha\u00a0<br>\u2022 Fogasok folyos\u00f3kon:\u00a0\u00a0kab\u00e1t, cip\u0151 ak\u00e1r bakancs sz\u00e1r\u00edt\u00e1sra sportol\u00f3knak, t\u00far\u00e1z\u00f3knak, gyerekeseknek<br>\u2022 \u00c9l\u0151feny\u0151s faterasz (100m<sup>2<\/sup>): \u00a0\u00a0k\u00e1v\u00e9, bambi, tea, joga, t\u00e1nc, elcsendes\u00fcl\u00e9s, medit\u00e1l\u00e1s, bundik\u00e1l\u00e1s\u2026<br>\u2022 Kert: f\u0151z\u00e9s-bogr\u00e1csol\u00e1s<br>\u2022 Jurta: gy\u00f3gyn\u00f6v\u00e9nyek \u00e9s k\u00e9zm\u0171ves esem\u00e9nyek<br>\u2022 Parkol\u00f3: 10 aut\u00f3 vagy 1 busz<br>\u2022 ElektroCsend:\u00a0\u00a0t\u00e9rer\u0151: 0, vonalas van,  WiFi: csak ha bekapcsoljuk<br>\u2022 Kutya el\u0151re egyeztet\u00e9s ut\u00e1n, minimum alapfok\u00fa E\/\u00dc vizsg\u00e1val hozhat\u00f3.<\/p>\n","protected":false},"excerpt":{"rendered":"<p>Term\u00e9szetk\u00f6zeli, izgalmas \u201eEGYBEH\u00c1Z\u201d*, mely a M\u00e1trab\u00e9rc tetej\u00e9n 20 f\u0151s t\u00e1rsas\u00e1g sz\u00e1m\u00e1ra k\u00e9nyelmes \u00f6ko sz\u00e1ll\u00e1st biztos\u00edt.<\/p>\n","protected":false},"author":1,"featured_media":781,"parent":0,"menu_order":0,"comment_status":"closed","ping_status":"closed","template":"","meta":[],"_links":{"self":[{"href":"https:\/\/foltosbagoly.hu\/en\/wp-json\/wp\/v2\/pages\/460"}],"collection":[{"href":"https:\/\/foltosbagoly.hu\/en\/wp-json\/wp\/v2\/pages"}],"about":[{"href":"https:\/\/foltosbagoly.hu\/en\/wp-json\/wp\/v2\/types\/page"}],"author":[{"embeddable":true,"href":"https:\/\/foltosbagoly.hu\/en\/wp-json\/wp\/v2\/users\/1"}],"replies":[{"embeddable":true,"href":"https:\/\/foltosbagoly.hu\/en\/wp-json\/wp\/v2\/comments?post=460"}],"version-history":[{"count":12,"href":"https:\/\/foltosbagoly.hu\/en\/wp-json\/wp\/v2\/pages\/460\/revisions"}],"predecessor-version":[{"id":1020,"href":"https:\/\/foltosbagoly.hu\/en\/wp-json\/wp\/v2\/pages\/460\/revisions\/1020"}],"wp:featuredmedia":[{"embeddable":true,"href":"https:\/\/foltosbagoly.hu\/en\/wp-json\/wp\/v2\/media\/781"}],"wp:attachment":[{"href":"https:\/\/foltosbagoly.hu\/en\/wp-json\/wp\/v2\/media?parent=460"}],"curies":[{"name":"wp","href":"https:\/\/api.w.org\/{rel}","templated":true}]}}