{"id":506,"date":"2018-12-11T07:50:10","date_gmt":"2018-12-11T07:50:10","guid":{"rendered":"http:\/\/demo.xclusivethemes.com\/?page_id=506"},"modified":"2020-11-11T14:34:28","modified_gmt":"2020-11-11T13:34:28","slug":"discover-luxury","status":"publish","type":"page","link":"https:\/\/foltosbagoly.hu\/en\/discover-luxury\/","title":{"rendered":"M\u00c1TRAB\u00c9RC \u2013 K\u00d6ZEL A VADON"},"content":{"rendered":"<div style=\"text-align: center;\">Budapestt\u0151l\u00a0 1\u00f3ra, de 2,5- 3 \u00f3ra az orsz\u00e1g legt\u00e1volabbi sark\u00e1b\u00f3l is,<\/div>\n<div style=\"text-align: center;\">haz\u00e1nk legmagasabban fekv\u0151 telep\u00fcl\u00e9se,\u00a0 \u00a0mindig j\u00f3 hegyi leveg\u0151 \u00e9s kl\u00edma, term\u00e9szet, erd\u0151,\u00a0 \u00a0bar\u00e1ts\u00e1gos n\u00e9pek, j\u00f3pofa falvak<\/div>\n\n\n<p><\/p>\n","protected":false},"excerpt":{"rendered":"<p>Budapestt\u0151l\u00a0 1\u00f3ra, de 2,5- 3 \u00f3ra az orsz\u00e1g legt\u00e1volabbi sark\u00e1b\u00f3l is, haz\u00e1nk legmagasabban fekv\u0151 telep\u00fcl\u00e9se,\u00a0<\/p>\n","protected":false},"author":1,"featured_media":752,"parent":0,"menu_order":0,"comment_status":"closed","ping_status":"closed","template":"","meta":[],"_links":{"self":[{"href":"https:\/\/foltosbagoly.hu\/en\/wp-json\/wp\/v2\/pages\/506"}],"collection":[{"href":"https:\/\/foltosbagoly.hu\/en\/wp-json\/wp\/v2\/pages"}],"about":[{"href":"https:\/\/foltosbagoly.hu\/en\/wp-json\/wp\/v2\/types\/page"}],"author":[{"embeddable":true,"href":"https:\/\/foltosbagoly.hu\/en\/wp-json\/wp\/v2\/users\/1"}],"replies":[{"embeddable":true,"href":"https:\/\/foltosbagoly.hu\/en\/wp-json\/wp\/v2\/comments?post=506"}],"version-history":[{"count":5,"href":"https:\/\/foltosbagoly.hu\/en\/wp-json\/wp\/v2\/pages\/506\/revisions"}],"predecessor-version":[{"id":972,"href":"https:\/\/foltosbagoly.hu\/en\/wp-json\/wp\/v2\/pages\/506\/revisions\/972"}],"wp:featuredmedia":[{"embeddable":true,"href":"https:\/\/foltosbagoly.hu\/en\/wp-json\/wp\/v2\/media\/752"}],"wp:attachment":[{"href":"https:\/\/foltosbagoly.hu\/en\/wp-json\/wp\/v2\/media?parent=506"}],"curies":[{"name":"wp","href":"https:\/\/api.w.org\/{rel}","templated":true}]}}