{"id":711,"date":"2020-09-23T10:01:48","date_gmt":"2020-09-23T08:01:48","guid":{"rendered":"https:\/\/foltosbagoly.hu\/?page_id=711"},"modified":"2020-11-12T13:55:14","modified_gmt":"2020-11-12T12:55:14","slug":"kozel-a-vadon","status":"publish","type":"page","link":"https:\/\/foltosbagoly.hu\/en\/kozel-a-vadon\/","title":{"rendered":"K\u00f6zel a Vadon"},"content":{"rendered":"\n<p>Budapestt\u0151l  1 \u00f3ra, de 2,5- 3 \u00f3ra az orsz\u00e1g legt\u00e1volabbi sark\u00e1b\u00f3l is<\/p>\n","protected":false},"excerpt":{"rendered":"<p>Bp-t\u0151l 1\u00f3ra, de 2,5- 3 \u00f3ra az orsz\u00e1g legt\u00e1volabbi sark\u00e1b\u00f3l is<\/p>\n","protected":false},"author":1,"featured_media":0,"parent":0,"menu_order":0,"comment_status":"closed","ping_status":"closed","template":"","meta":[],"_links":{"self":[{"href":"https:\/\/foltosbagoly.hu\/en\/wp-json\/wp\/v2\/pages\/711"}],"collection":[{"href":"https:\/\/foltosbagoly.hu\/en\/wp-json\/wp\/v2\/pages"}],"about":[{"href":"https:\/\/foltosbagoly.hu\/en\/wp-json\/wp\/v2\/types\/page"}],"author":[{"embeddable":true,"href":"https:\/\/foltosbagoly.hu\/en\/wp-json\/wp\/v2\/users\/1"}],"replies":[{"embeddable":true,"href":"https:\/\/foltosbagoly.hu\/en\/wp-json\/wp\/v2\/comments?post=711"}],"version-history":[{"count":3,"href":"https:\/\/foltosbagoly.hu\/en\/wp-json\/wp\/v2\/pages\/711\/revisions"}],"predecessor-version":[{"id":1018,"href":"https:\/\/foltosbagoly.hu\/en\/wp-json\/wp\/v2\/pages\/711\/revisions\/1018"}],"wp:attachment":[{"href":"https:\/\/foltosbagoly.hu\/en\/wp-json\/wp\/v2\/media?parent=711"}],"curies":[{"name":"wp","href":"https:\/\/api.w.org\/{rel}","templated":true}]}}