{"id":719,"date":"2020-09-23T11:16:09","date_gmt":"2020-09-23T09:16:09","guid":{"rendered":"https:\/\/foltosbagoly.hu\/?page_id=719"},"modified":"2020-09-23T11:16:10","modified_gmt":"2020-09-23T09:16:10","slug":"a-haz","status":"publish","type":"page","link":"https:\/\/foltosbagoly.hu\/en\/a-haz\/","title":{"rendered":"A H\u00e1z"},"content":{"rendered":"\n<p>\u2022 Megk\u00f6zel\u00edthet\u0151s\u00e9g:\u2026<\/p>\n\n\n\n<p>\u2022 M\u00e9ret\/befogad\u00f3k\u00e9pess\u00e9g: 20 + f\u0151, csak az eg\u00e9sz h\u00e1z kiad\u00f3 egyben<\/p>\n\n\n\n<p>\u2022 Ide\u00e1lis: \u00fcd\u00fclni v\u00e1gy\u00f3 bar\u00e1ti t\u00e1rsas\u00e1goknak , nagycsal\u00e1dos\u00a0csoportok, gyerekkel vagy an\u00e9lk\u00fcl, hegyi sportokat kedvel\u0151 csapatoknak,\u00a0\u00a0v\u00e1llalati ill. egy\u00e9b k\u00e9pz\u00e9seknek, foglalkoz\u00e1soknak, csapat\u00e9p\u00edt\u00e9sek vagy \u00e9ppen elvonul\u00e1sok helysz\u00edn\u00e9\u00fcl<\/p>\n\n\n\n<p>\u2022 Egyedi M\u00e1tra Foltos Design<\/p>\n\n\n\n<p>\u2022 Szob\u00e1k: 10db\u00a0\u00a02 \u00e1gyas zuhanyz\u00f3\/wc-vel (\u00f6ko\u00a0k\u00e9zmos\u00f3\/tusf\u00fcrd\u0151\/sampon)<\/p>\n\n\n\n<p>\u2022 Nappali-\u00e9tkez\u0151- k\u00f6z\u00f6ss\u00e9gi helys\u00e9g kandall\u00f3val-b\u00e1rral-k\u00f6nyvt\u00e1rral-j\u00e1t\u00e9kokkal-kivet\u00edt\u0151vel 80m2<\/p>\n\n\n\n<p>\u2022 J\u00f3l felszerelt konyha \u2013 csomagk\u00e9nt saj\u00e1t s\u00f6rcsap<\/p>\n\n\n\n<p>\u2022 Cip\u0151\/bakancs\/ruha sz\u00e1r\u00edt\u00f3 fogasok folyos\u00f3kon sportol\u00f3knak\/t\u00far\u00e1z\u00f3knak\/gyerekeseknek<\/p>\n\n\n\n<p>\u2022 Baba\u00e1gy-babak\u00e1d<\/p>\n\n\n\n<p>\u2022 Szabadt\u00e9ri faterasz 100m2, k\u00e1v\u00e9\/bambi\/tea\/joga\/t\u00e1nc\/elcsendes\u00fcl\u00e9s\/bundik\u00e1l\u00e1s\u00a0stb.<\/p>\n\n\n\n<p>\u2022 Kert: pihen\u00e9s\/j\u00e1t\u00e9k\/f\u0151z\u00e9s-bogr\u00e1csol\u00e1s\/gy\u00f3gyn\u00f6v\u00e9nyek\/rovarhotelek\/f\u00e9szekod\u00fak\/k\u00e9zm\u0171ves esem\u00e9nyek<\/p>\n\n\n\n<p>\u2022Nyitott Parkol\u00f3: 10 aut\u00f3 vagy 1 busz<\/p>\n\n\n\n<p>\u2022 ElektroCsend:\u00a0\u00a0t\u00e9rer\u0151:0\/vonalas van\/, WiFi: csak ha bekapcsoljuk<\/p>\n\n\n\n<p>\u2022 Kutya el\u0151re egyeztet\u00e9s ut\u00e1n, \u00dc3 vagy E4 vizsg\u00e1val hozhat\u00f3<\/p>\n","protected":false},"excerpt":{"rendered":"<p>\u2022 Megk\u00f6zel\u00edthet\u0151s\u00e9g:\u2026 \u2022 M\u00e9ret\/befogad\u00f3k\u00e9pess\u00e9g: 20 + f\u0151, csak az eg\u00e9sz h\u00e1z kiad\u00f3 egyben \u2022 Ide\u00e1lis:<\/p>\n","protected":false},"author":1,"featured_media":0,"parent":0,"menu_order":0,"comment_status":"closed","ping_status":"closed","template":"","meta":[],"_links":{"self":[{"href":"https:\/\/foltosbagoly.hu\/en\/wp-json\/wp\/v2\/pages\/719"}],"collection":[{"href":"https:\/\/foltosbagoly.hu\/en\/wp-json\/wp\/v2\/pages"}],"about":[{"href":"https:\/\/foltosbagoly.hu\/en\/wp-json\/wp\/v2\/types\/page"}],"author":[{"embeddable":true,"href":"https:\/\/foltosbagoly.hu\/en\/wp-json\/wp\/v2\/users\/1"}],"replies":[{"embeddable":true,"href":"https:\/\/foltosbagoly.hu\/en\/wp-json\/wp\/v2\/comments?post=719"}],"version-history":[{"count":1,"href":"https:\/\/foltosbagoly.hu\/en\/wp-json\/wp\/v2\/pages\/719\/revisions"}],"predecessor-version":[{"id":720,"href":"https:\/\/foltosbagoly.hu\/en\/wp-json\/wp\/v2\/pages\/719\/revisions\/720"}],"wp:attachment":[{"href":"https:\/\/foltosbagoly.hu\/en\/wp-json\/wp\/v2\/media?parent=719"}],"curies":[{"name":"wp","href":"https:\/\/api.w.org\/{rel}","templated":true}]}}