{"id":725,"date":"2020-09-23T11:19:16","date_gmt":"2020-09-23T09:19:16","guid":{"rendered":"https:\/\/foltosbagoly.hu\/?page_id=725"},"modified":"2020-09-23T11:30:40","modified_gmt":"2020-09-23T09:30:40","slug":"aktiv-passziv-sport-lehetosegek","status":"publish","type":"page","link":"https:\/\/foltosbagoly.hu\/en\/aktiv-passziv-sport-lehetosegek\/","title":{"rendered":"Akt\u00edv\/Passz\u00edv \u201esport\u201d lehet\u0151s\u00e9gek"},"content":{"rendered":"\n<p>\u2022 terepfut\u00e1s (t\u00farista\u00faton&nbsp;vagy&nbsp;t\u00e1j\u00e9koz\u00f3d\u00e1si,kiv\u00e9telTerm\u00e9szetv\u00e9delmi&nbsp;ter\u00fclet,<\/p>\n\n\n\n<p>\u2022 S\u00ed (Sz.Istv\u00e1ni&nbsp;s\u00edp\u00e1lya),&nbsp;<\/p>\n\n\n\n<p>\u2022 \u00edj\u00e1szat (helyben),<\/p>\n\n\n\n<p>\u2022&nbsp;ker\u00e9kp\u00e1r (k\u00f6z\u00faton vagy kijel\u00f6lt terep szakaszokon, k\u00f6lcs\u00f6nz\u00e9s: Szt.L\u00e1szl\u00f3n),&nbsp;<\/p>\n\n\n\n<p>\u2022 t\u00far\u00e1k, s\u00e9t\u00e1k, erd\u0151f\u00fcrd\u0151<\/p>\n","protected":false},"excerpt":{"rendered":"<p>\u2022 terepfut\u00e1s (t\u00farista\u00faton&nbsp;vagy&nbsp;t\u00e1j\u00e9koz\u00f3d\u00e1si,kiv\u00e9telTerm\u00e9szetv\u00e9delmi&nbsp;ter\u00fclet, \u2022 S\u00ed (Sz.Istv\u00e1ni&nbsp;s\u00edp\u00e1lya),&nbsp; \u2022 \u00edj\u00e1szat (helyben), \u2022&nbsp;ker\u00e9kp\u00e1r (k\u00f6z\u00faton vagy kijel\u00f6lt terep szakaszokon,<\/p>\n","protected":false},"author":1,"featured_media":0,"parent":0,"menu_order":0,"comment_status":"closed","ping_status":"closed","template":"","meta":[],"_links":{"self":[{"href":"https:\/\/foltosbagoly.hu\/en\/wp-json\/wp\/v2\/pages\/725"}],"collection":[{"href":"https:\/\/foltosbagoly.hu\/en\/wp-json\/wp\/v2\/pages"}],"about":[{"href":"https:\/\/foltosbagoly.hu\/en\/wp-json\/wp\/v2\/types\/page"}],"author":[{"embeddable":true,"href":"https:\/\/foltosbagoly.hu\/en\/wp-json\/wp\/v2\/users\/1"}],"replies":[{"embeddable":true,"href":"https:\/\/foltosbagoly.hu\/en\/wp-json\/wp\/v2\/comments?post=725"}],"version-history":[{"count":2,"href":"https:\/\/foltosbagoly.hu\/en\/wp-json\/wp\/v2\/pages\/725\/revisions"}],"predecessor-version":[{"id":740,"href":"https:\/\/foltosbagoly.hu\/en\/wp-json\/wp\/v2\/pages\/725\/revisions\/740"}],"wp:attachment":[{"href":"https:\/\/foltosbagoly.hu\/en\/wp-json\/wp\/v2\/media?parent=725"}],"curies":[{"name":"wp","href":"https:\/\/api.w.org\/{rel}","templated":true}]}}