{"id":811,"date":"2020-10-06T09:37:25","date_gmt":"2020-10-06T07:37:25","guid":{"rendered":"https:\/\/foltosbagoly.hu\/?page_id=811"},"modified":"2020-11-11T14:51:46","modified_gmt":"2020-11-11T13:51:46","slug":"varjuk-a-csapatod","status":"publish","type":"page","link":"https:\/\/foltosbagoly.hu\/en\/varjuk-a-csapatod\/","title":{"rendered":"V\u00c1RUNK  BENNETEKET !"},"content":{"rendered":"\n<p class=\"has-text-align-center\">20 F\u0150,    k\u00e9nyelmesen,  fel\u00fcgyeletmentesen,   egy\u00fctt a csapat,\u00a0             vid\u00e1man\u00a0a b\u00e9rcek m\u00e9ly\u00e9n<\/p>\n","protected":false},"excerpt":{"rendered":"<p>20 F\u0150, k\u00e9nyelmesen, fel\u00fcgyeletmentesen, egy\u00fctt a csapat,\u00a0 vid\u00e1man\u00a0a b\u00e9rcek m\u00e9ly\u00e9n<\/p>\n","protected":false},"author":1,"featured_media":812,"parent":0,"menu_order":0,"comment_status":"closed","ping_status":"closed","template":"","meta":[],"_links":{"self":[{"href":"https:\/\/foltosbagoly.hu\/en\/wp-json\/wp\/v2\/pages\/811"}],"collection":[{"href":"https:\/\/foltosbagoly.hu\/en\/wp-json\/wp\/v2\/pages"}],"about":[{"href":"https:\/\/foltosbagoly.hu\/en\/wp-json\/wp\/v2\/types\/page"}],"author":[{"embeddable":true,"href":"https:\/\/foltosbagoly.hu\/en\/wp-json\/wp\/v2\/users\/1"}],"replies":[{"embeddable":true,"href":"https:\/\/foltosbagoly.hu\/en\/wp-json\/wp\/v2\/comments?post=811"}],"version-history":[{"count":4,"href":"https:\/\/foltosbagoly.hu\/en\/wp-json\/wp\/v2\/pages\/811\/revisions"}],"predecessor-version":[{"id":977,"href":"https:\/\/foltosbagoly.hu\/en\/wp-json\/wp\/v2\/pages\/811\/revisions\/977"}],"wp:featuredmedia":[{"embeddable":true,"href":"https:\/\/foltosbagoly.hu\/en\/wp-json\/wp\/v2\/media\/812"}],"wp:attachment":[{"href":"https:\/\/foltosbagoly.hu\/en\/wp-json\/wp\/v2\/media?parent=811"}],"curies":[{"name":"wp","href":"https:\/\/api.w.org\/{rel}","templated":true}]}}