{"id":83,"date":"2017-07-20T12:06:05","date_gmt":"2017-07-20T12:06:05","guid":{"rendered":"http:\/\/demo.paragonthemes.com\/placid\/?page_id=83"},"modified":"2021-02-12T13:37:16","modified_gmt":"2021-02-12T12:37:16","slug":"contact-me","status":"publish","type":"page","link":"https:\/\/foltosbagoly.hu\/en\/contact-me\/","title":{"rendered":"Kapcsolat"},"content":{"rendered":"<p><\/p>\n\n\n<div class=\"wp-block-columns\">\n<div class=\"wp-block-column\">\n<p style=\"font-size:14px\"><strong>H\u00e1rom Bagoly Kft.<br><\/strong>3235 M\u00e1traszentimre \u2013 Bagolyirt\u00e1s<br>Alkotm\u00e1ny utca 7-9<br>ad\u00f3sz\u00e1m: 26554547-2-10<br>c\u00e9gjegyz\u00e9ksz\u00e1m: 1009037090<br><br>E-mail: foltosbagolyvendeghaz@gmail.com<br>Telefon:<\/p>\n\n\n\n<iframe loading=\"lazy\" src=\"https:\/\/www.google.com\/maps\/embed?pb=!1m18!1m12!1m3!1d2675.148914569299!2d19.867179416378477!3d47.894802979204826!2m3!1f0!2f0!3f0!3m2!1i1024!2i768!4f13.1!3m3!1m2!1s0x47404317aaddc299%3A0x1f1006e14656ac4!2sM%C3%A1traszentimre%2C%20Alkotm%C3%A1ny%20u.%207%2C%203235!5e0!3m2!1shu!2shu!4v1601979455211!5m2!1shu!2shu\" width=\"600\" height=\"450\" frameborder=\"0\" style=\"border:0;\" allowfullscreen=\"\" aria-hidden=\"false\" tabindex=\"0\"><\/iframe>\n<\/div>\n\n\n\n<div class=\"wp-block-column\">\n<div role=\"form\" class=\"wpcf7\" id=\"wpcf7-f892-o2\" lang=\"en-US\" dir=\"ltr\">\n<div class=\"screen-reader-response\"><p role=\"status\" aria-live=\"polite\" aria-atomic=\"true\"><\/p> <ul><\/ul><\/div>\n<form action=\"\/en\/wp-json\/wp\/v2\/pages\/83#wpcf7-f892-o2\" method=\"post\" class=\"wpcf7-form init\" novalidate=\"novalidate\" data-status=\"init\">\n<div style=\"display: none;\">\n<input type=\"hidden\" name=\"_wpcf7\" value=\"892\" \/>\n<input type=\"hidden\" name=\"_wpcf7_version\" value=\"5.5.3\" \/>\n<input type=\"hidden\" name=\"_wpcf7_locale\" value=\"en_US\" \/>\n<input type=\"hidden\" name=\"_wpcf7_unit_tag\" value=\"wpcf7-f892-o2\" \/>\n<input type=\"hidden\" name=\"_wpcf7_container_post\" value=\"0\" \/>\n<input type=\"hidden\" name=\"_wpcf7_posted_data_hash\" value=\"\" \/>\n<\/div>\n<div class=\"form-group row\">\n<div class=\"col-sm-6\"><label>TELJES N\u00c9V<\/label><span class=\"wpcf7-form-control-wrap fullname\"><input type=\"text\" name=\"fullname\" value=\"\" size=\"40\" class=\"wpcf7-form-control wpcf7-text wpcf7-validates-as-required\" aria-required=\"true\" aria-invalid=\"false\" \/><\/span><\/div>\n<div class=\"col-sm-6\"><label>E-MAIL<\/label><span class=\"wpcf7-form-control-wrap youremail\"><input type=\"email\" name=\"youremail\" value=\"\" size=\"40\" class=\"wpcf7-form-control wpcf7-text wpcf7-email wpcf7-validates-as-email\" aria-invalid=\"false\" \/><\/span><\/div>\n<\/div>\n<div class=\"form-group row\">\n<div class=\"col-sm-6\"><label>CHECK IN<\/label><span class=\"wpcf7-form-control-wrap checkin\"><input type=\"date\" name=\"checkin\" value=\"\" class=\"wpcf7-form-control wpcf7-date wpcf7-validates-as-required wpcf7-validates-as-date\" aria-required=\"true\" aria-invalid=\"false\" \/><\/span><\/div>\n<div class=\"col-sm-6\"><label>CHECK OUT<\/label><span class=\"wpcf7-form-control-wrap checkout\"><input type=\"date\" name=\"checkout\" value=\"\" class=\"wpcf7-form-control wpcf7-date wpcf7-validates-as-required wpcf7-validates-as-date\" aria-required=\"true\" aria-invalid=\"false\" \/><\/span><\/div>\n<\/div>\n<div class=\"form-group row\">\n<div class=\"col-sm-6\"><label>FELN\u0150TT<\/label><span class=\"wpcf7-form-control-wrap adults\"><input type=\"number\" name=\"adults\" value=\"\" class=\"wpcf7-form-control wpcf7-number wpcf7-validates-as-required wpcf7-validates-as-number\" aria-required=\"true\" aria-invalid=\"false\" \/><\/span><\/div>\n<div class=\"col-sm-6\"><label>GYERMEK<\/label><span class=\"wpcf7-form-control-wrap children\"><input type=\"number\" name=\"children\" value=\"\" class=\"wpcf7-form-control wpcf7-number wpcf7-validates-as-required wpcf7-validates-as-number\" aria-required=\"true\" aria-invalid=\"false\" \/><\/span><\/div>\n<\/div>\n<div class=\"form-group row\">\n<div class=\"col-sm-12\">\n<label>\u00dcZENET<\/label><span class=\"wpcf7-form-control-wrap message\"><textarea name=\"message\" cols=\"40\" rows=\"10\" class=\"wpcf7-form-control wpcf7-textarea\" aria-invalid=\"false\"><\/textarea><\/span>\n<\/div>\n<\/div>\n<div class=\"form-group row\">\n<div class=\"col-sm-6\"><input type=\"submit\" value=\"FOGLAL\u00c1SI \u00c9RDEKL\u0150D\u00c9S ELK\u00dcLD\u00c9SE\" class=\"wpcf7-form-control has-spinner wpcf7-submit book-btn\" \/><\/div>\n<\/div>\n<div class=\"wpcf7-response-output\" aria-hidden=\"true\"><\/div><\/form><\/div>\n<\/div>\n<\/div>\n\n\n\n<p><\/p>\n\n\n\n<div class=\"wp-block-buttons\">\n<div class=\"wp-block-button is-style-outline\"><a class=\"wp-block-button__link has-vivid-green-cyan-color has-text-color\" href=\"https:\/\/foltosbagoly.hu\/arlista\" rel=\"\">\u00c1rlista<\/a><\/div>\n\n\n\n<div class=\"wp-block-button is-style-outline\"><a class=\"wp-block-button__link has-vivid-green-cyan-color has-text-color\" href=\"https:\/\/foltosbagoly.hu\/hazirend\/\">H\u00e1zirend<\/a><\/div>\n\n\n\n<div class=\"wp-block-button is-style-outline\"><a class=\"wp-block-button__link has-vivid-green-cyan-color has-text-color\" href=\"https:\/\/foltosbagoly.hu\/aszf\/\">\u00c1SZF<\/a><\/div>\n<\/div>\n\n\n<p><\/p>","protected":false},"excerpt":{"rendered":"<p>H\u00e1rom Bagoly Kft.3235 M\u00e1traszentimre \u2013 Bagolyirt\u00e1sAlkotm\u00e1ny utca 7-9ad\u00f3sz\u00e1m: 26554547-2-10c\u00e9gjegyz\u00e9ksz\u00e1m: 1009037090 E-mail: foltosbagolyvendeghaz@gmail.comTelefon:<\/p>\n","protected":false},"author":1,"featured_media":0,"parent":0,"menu_order":0,"comment_status":"closed","ping_status":"closed","template":"","meta":[],"_links":{"self":[{"href":"https:\/\/foltosbagoly.hu\/en\/wp-json\/wp\/v2\/pages\/83"}],"collection":[{"href":"https:\/\/foltosbagoly.hu\/en\/wp-json\/wp\/v2\/pages"}],"about":[{"href":"https:\/\/foltosbagoly.hu\/en\/wp-json\/wp\/v2\/types\/page"}],"author":[{"embeddable":true,"href":"https:\/\/foltosbagoly.hu\/en\/wp-json\/wp\/v2\/users\/1"}],"replies":[{"embeddable":true,"href":"https:\/\/foltosbagoly.hu\/en\/wp-json\/wp\/v2\/comments?post=83"}],"version-history":[{"count":25,"href":"https:\/\/foltosbagoly.hu\/en\/wp-json\/wp\/v2\/pages\/83\/revisions"}],"predecessor-version":[{"id":1022,"href":"https:\/\/foltosbagoly.hu\/en\/wp-json\/wp\/v2\/pages\/83\/revisions\/1022"}],"wp:attachment":[{"href":"https:\/\/foltosbagoly.hu\/en\/wp-json\/wp\/v2\/media?parent=83"}],"curies":[{"name":"wp","href":"https:\/\/api.w.org\/{rel}","templated":true}]}}