{"id":931,"date":"2020-10-26T15:05:06","date_gmt":"2020-10-26T14:05:06","guid":{"rendered":"https:\/\/foltosbagoly.hu\/?page_id=931"},"modified":"2020-11-11T19:17:56","modified_gmt":"2020-11-11T18:17:56","slug":"fenntarthatosagi-reszletek","status":"publish","type":"page","link":"https:\/\/foltosbagoly.hu\/en\/fenntarthatosagi-reszletek\/","title":{"rendered":"Fenntarthat\u00f3s\u00e1gi r\u00e9szletek"},"content":{"rendered":"\n<p><strong>Reduce-Reuse-Recycle<\/strong><\/p>\n\n\n\n<p>Sehol, de a M\u00e1tra tetej\u00e9n k\u00fcl\u00f6n\u00f6sen nem illik feleslegesen szemetet gy\u00e1rtani.\u00a0<\/p>\n\n\n\n<p>\u00cdgy nem vert\u00fck le a f\u00fcrd\u0151k r\u00e9gi csemp\u00e9it, mind\u00f6sszesen v\u00e9kony-b\u00e1r m\u0171anyag-burkolattal fedt\u00fck el \u0151ket, az \u00faj csemp\u00e9k mind \u00fajrahasznos\u00edtottak.&nbsp;<\/p>\n\n\n\n<p>Megtartottuk a b\u00fatorl\u00e1bakat \u00faj lapokat nagyolva f\u00f6l\u00e9j\u00fck. A r\u00e9gi lapok m\u00e1r fafestm\u00e9nyek\u00a0\u00a0deszka alapj\u00e1t adj\u00e1k.\u00a0<\/p>\n\n\n\n<p>N\u00e9hol fellelheted a r\u00e9gi l\u00e1mp\u00e1kat is, b\u00e1r m\u00e1r LED \u00e9g\u0151kkel, m\u00e9g az egykor\u00a0szob\u00e1nk\u00e9nt cs\u00fafolkod\u00f3 r\u00e9gi m\u0171anyag n\u00f6v\u00e9nyeket sem dobtuk ki , ugyanis nem bomlanak le a szem\u00e9ttelepen,  hanem \u00fajra gondolva, csoportba rendezve a bej\u00e1rati barlang s\u00f6t\u00e9tj\u00e9t oldja. A rozsdafark\u00faak m\u00e1r letesztelt\u00e9k \u00e9s bej\u00f6tt nekik.\u00a0<\/p>\n\n\n\n<p>Kidobott s\u00edl\u00e9cekb\u0151l k\u00e9sz\u00fclt a fogasfal, k\u00f6t\u00e9seik kiv\u00e1l\u00f3 szekr\u00e9nyfoganty\u00fak\u00e9nt szolg\u00e1lnak. Az egykor h\u00f3feh\u00e9r, m\u00e1ra m\u00e1r megs\u00e1rgult, \u00e1m hib\u00e1tlan bels\u0151 \u00e9s k\u00fcls\u0151 ajt\u00f3k \u00e1tfestve \u00e9lnek tov\u00e1bb,  az \u00e1tad\u00f3pult pedig nem m\u00e1s, min egy 150 \u00e9ves malomb\u00f3l megmaradt t\u00fal\u00e9l\u0151 faanyag.\u00a0<\/p>\n\n\n\n<p>A fenntarthat\u00f3s\u00e1gi anyag \u201emantra\u201d betart\u00e1sa am\u00fagy komoly k\u00f6lts\u00e9gmegtakar\u00edt\u00e1st is jelent!<\/p>\n\n\n\n<p><strong>Energia<\/strong><\/p>\n\n\n\n<p>Ez a legfog\u00f3sabb fenntarthat\u00f3s\u00e1gi ter\u00fclet\u00fcnk. A M\u00e1tr\u00e1ban ugye f\u00e1b\u00f3l van a legt\u00f6bb, de a fat\u00fczel\u00e9s nem programozhat\u00f3 \u00e9s m\u00e9g csak nem is a\u00a0legk\u00f6rnyezetbar\u00e1tabb\u00a0megold\u00e1s. Mi az \u00e1ramot hoztuk ki gy\u0151ztesnek minden tekintetben, de az \u00fajra \u00fcvegez\u00e9s ut\u00e1n ism\u00e9t m\u0171k\u00f6d\u0151k\u00e9pes r\u00e9gi kandall\u00f3 a t\u0171z szerelmeseit nem hagyja \u00e9rintetlen\u00fcl &#8211; fa azt\u00e1n b\u0151ven akad hozz\u00e1.\u00a0<\/p>\n\n\n\n<p>Az izz\u00f3k term\u00e9szetesen LED-ek. A h\u00e1zat d\u00e9lr\u0151l az \u0150rfeny\u0151k \u00e1rny\u00e9kolj\u00e1k, \u00edgy a legvadabb ny\u00e1rban sem kell l\u00e9gkondi &#8211; igaz, hogy \u00edgy a napenergia felhaszn\u00e1l\u00e1s lehet\u0151s\u00e9ge cs\u00f6kkent. No de valamit valami\u00e9rt, \u00e9l\u0151 \u00f6reg bar\u00e1tainkat meg azt\u00e1n nehogy m\u00e1r p\u00e1r napelem\u00e9rt kiv\u00e1gjuk!<\/p>\n\n\n\n<p>A h\u00e1z tov\u00e1bbi k\u00fcls\u0151 szigetel\u00e9s\u00e9t most tervezgetj\u00fck: a term\u00e9szetes anyagoknak \u00e9s a n\u00f6v\u00e9nyzetnek nagy szerepe lesz majd itt is.<\/p>\n\n\n\n<p>A\u00a0bio-\u00f6ko\u00a0min\u0151s\u00edt\u00e9s\u0171 h\u00e1ztart\u00e1si szereket \u00e9s hat\u00e9konys\u00e1gukat folyamatosan tesztelj\u00fck. Ezek tal\u00e1lhat\u00f3ak f\u00fcrd\u0151szob\u00e1inkban \u00e9s a kony\u00e1ban is. (<em>K\u00e9rj\u00fck m\u00e1st ne haszn\u00e1ljatok: biol\u00f3giai kezel\u00e9s\u0171 szennyv\u00edz cisztern\u00e1nk m\u0171k\u00f6d\u00e9se csak \u00edgy garant\u00e1lhat\u00f3!<\/em>)<\/p>\n\n\n\n<p><strong>A Hely Szelleme<\/strong><\/p>\n\n\n\n<p>D\u00edsz\u00edt\u0151 elemek tekintet\u00e9ben  (ha m\u00e1r az egyik &#8220;tulaj&#8221; b\u00fatorfest\u0151 is) a term\u00e9szeti anyagok \u00e9s mint\u00e1k mellett a helyi n\u00e9pm\u0171v\u00e9szeti (pal\u00f3c \u00e9s t\u00f3t) \u00e9s\u00a0\u00fa.n. erdei \u201etribal\u201d, azaz t\u00f6rzsi mot\u00edvumok saj\u00e1tos egyveleg\u00e9t jelen\u00edtj\u00fck meg \u00e9rtelmezhet\u0151, de Foltos kavalk\u00e1dban.\u00a0<\/p>\n\n\n\n<p>Vidr\u00f3cki\u00a0Marci helyi bety\u00e1r is kapott egy sarkot, csak\u00fagy mint a sz\u00e9n\u00e9get\u0151k \u00e9s az \u00fcveghut\u00e1sok. Az \u0151 egykori jelenl\u00e9t\u00fcknek kerti \u00e9p\u00edtm\u00e9nyeink \u00e1ll\u00edtanak hamarosan tolakod\u00e1smentes eml\u00e9ket.<\/p>\n","protected":false},"excerpt":{"rendered":"<p>Reduce-Reuse-Recycle Sehol, de a M\u00e1tra tetej\u00e9n k\u00fcl\u00f6n\u00f6sen nem illik feleslegesen szemetet gy\u00e1rtani.\u00a0 \u00cdgy nem vert\u00fck<\/p>\n","protected":false},"author":1,"featured_media":0,"parent":0,"menu_order":0,"comment_status":"closed","ping_status":"closed","template":"","meta":[],"_links":{"self":[{"href":"https:\/\/foltosbagoly.hu\/en\/wp-json\/wp\/v2\/pages\/931"}],"collection":[{"href":"https:\/\/foltosbagoly.hu\/en\/wp-json\/wp\/v2\/pages"}],"about":[{"href":"https:\/\/foltosbagoly.hu\/en\/wp-json\/wp\/v2\/types\/page"}],"author":[{"embeddable":true,"href":"https:\/\/foltosbagoly.hu\/en\/wp-json\/wp\/v2\/users\/1"}],"replies":[{"embeddable":true,"href":"https:\/\/foltosbagoly.hu\/en\/wp-json\/wp\/v2\/comments?post=931"}],"version-history":[{"count":2,"href":"https:\/\/foltosbagoly.hu\/en\/wp-json\/wp\/v2\/pages\/931\/revisions"}],"predecessor-version":[{"id":999,"href":"https:\/\/foltosbagoly.hu\/en\/wp-json\/wp\/v2\/pages\/931\/revisions\/999"}],"wp:attachment":[{"href":"https:\/\/foltosbagoly.hu\/en\/wp-json\/wp\/v2\/media?parent=931"}],"curies":[{"name":"wp","href":"https:\/\/api.w.org\/{rel}","templated":true}]}}